{"id":50,"date":"2022-02-25T15:45:33","date_gmt":"2022-02-25T15:45:33","guid":{"rendered":"http:\/\/dance-ro.com\/wp\/?page_id=50"},"modified":"2025-09-23T09:39:44","modified_gmt":"2025-09-23T09:39:44","slug":"regulament","status":"publish","type":"page","link":"https:\/\/dance-ro.com\/en\/regulament\/","title":{"rendered":"Rules"},"content":{"rendered":"<div data-elementor-type=\"wp-page\" data-elementor-id=\"50\" class=\"elementor elementor-50\">\n\t\t\t\t\t\t<section class=\"elementor-section elementor-top-section elementor-element elementor-element-2343084 elementor-section-full_width elementor-section-height-default elementor-section-height-default\" data-id=\"2343084\" data-element_type=\"section\">\n\t\t\t\t\t\t<div class=\"elementor-container elementor-column-gap-default\">\n\t\t\t\t\t<div class=\"elementor-column elementor-col-100 elementor-top-column elementor-element elementor-element-9564327\" data-id=\"9564327\" data-element_type=\"column\">\n\t\t\t<div class=\"elementor-widget-wrap elementor-element-populated\">\n\t\t\t\t\t\t<div class=\"elementor-element elementor-element-e7389ea elementor-widget elementor-widget-template\" data-id=\"e7389ea\" data-element_type=\"widget\" data-widget_type=\"template.default\">\n\t\t\t\t<div class=\"elementor-widget-container\">\n\t\t\t\t\t\t\t<div class=\"elementor-template\">\n\t\t\t\t\t<div data-elementor-type=\"section\" data-elementor-id=\"174\" class=\"elementor elementor-174\">\n\t\t\t\t\t<div class=\"elementor-section-wrap\">\n\t\t\t\t\t\t\t\t<section class=\"elementor-section elementor-top-section elementor-element elementor-element-8a95269 elementor-section-height-min-height animated-fast elementor-section-boxed elementor-section-height-default elementor-section-items-middle elementor-invisible\" data-id=\"8a95269\" data-element_type=\"section\" data-settings=\"{&quot;background_background&quot;:&quot;classic&quot;,&quot;shape_divider_bottom&quot;:&quot;triangle-asymmetrical&quot;,&quot;shape_divider_bottom_negative&quot;:&quot;yes&quot;,&quot;animation&quot;:&quot;slideInDown&quot;}\">\n\t\t\t\t\t<div class=\"elementor-shape elementor-shape-bottom\" data-negative=\"true\">\n\t\t\t<svg xmlns=\"http:\/\/www.w3.org\/2000\/svg\" viewbox=\"0 0 1000 100\" preserveaspectratio=\"none\">\n\t<path class=\"elementor-shape-fill\" d=\"M737.9,94.7L0,0v100h1000V0L737.9,94.7z\"\/>\n<\/svg>\t\t<\/div>\n\t\t\t\t\t<div class=\"elementor-container elementor-column-gap-default\">\n\t\t\t\t\t<div class=\"elementor-column elementor-col-100 elementor-top-column elementor-element elementor-element-4145b59\" data-id=\"4145b59\" data-element_type=\"column\">\n\t\t\t<div class=\"elementor-widget-wrap elementor-element-populated\">\n\t\t\t\t\t\t<div class=\"elementor-element elementor-element-35aeeba elementor-widget-divider--view-line elementor-widget elementor-widget-divider\" data-id=\"35aeeba\" data-element_type=\"widget\" data-widget_type=\"divider.default\">\n\t\t\t\t<div class=\"elementor-widget-container\">\n\t\t\t\t\t\t\t<div class=\"elementor-divider\">\n\t\t\t<span class=\"elementor-divider-separator\">\n\t\t\t\t\t\t<\/span>\n\t\t<\/div>\n\t\t\t\t\t\t<\/div>\n\t\t\t\t<\/div>\n\t\t\t\t\t<\/div>\n\t\t<\/div>\n\t\t\t\t\t<\/div>\n\t\t<\/section>\n\t\t\t\t\t\t\t<\/div>\n\t\t\t\t<\/div>\n\t\t\t\t<\/div>\n\t\t\t\t\t\t<\/div>\n\t\t\t\t<\/div>\n\t\t\t\t\t<\/div>\n\t\t<\/div>\n\t\t\t\t\t<\/div>\n\t\t<\/section>\n\t\t\t\t<section class=\"elementor-section elementor-top-section elementor-element elementor-element-6e1f52d elementor-section-boxed elementor-section-height-default elementor-section-height-default\" data-id=\"6e1f52d\" data-element_type=\"section\">\n\t\t\t\t\t\t<div class=\"elementor-container elementor-column-gap-default\">\n\t\t\t\t\t<div class=\"elementor-column elementor-col-100 elementor-top-column elementor-element elementor-element-5240b2b\" data-id=\"5240b2b\" data-element_type=\"column\">\n\t\t\t<div class=\"elementor-widget-wrap elementor-element-populated\">\n\t\t\t\t\t\t<div class=\"elementor-element elementor-element-ecbeb96 elementor-widget elementor-widget-heading\" data-id=\"ecbeb96\" data-element_type=\"widget\" data-widget_type=\"heading.default\">\n\t\t\t\t<div class=\"elementor-widget-container\">\n\t\t\t\t\t<h2 class=\"elementor-heading-title elementor-size-default\">I. Competition sections<\/h2>\t\t\t\t<\/div>\n\t\t\t\t<\/div>\n\t\t\t\t<div class=\"elementor-element elementor-element-a5e9466 elementor-widget elementor-widget-text-editor\" data-id=\"a5e9466\" data-element_type=\"widget\" data-widget_type=\"text-editor.default\">\n\t\t\t\t<div class=\"elementor-widget-container\">\n\t\t\t\t\t\t\t\t\t<p data-start=\"91\" data-end=\"143\"><strong data-start=\"91\" data-end=\"141\">Hobby \u2013 maximum 4 ore de preg\u0103tire \/ s\u0103pt\u0103m\u00e2n\u0103<\/strong><\/p><ul data-start=\"145\" data-end=\"364\"><li data-start=\"145\" data-end=\"202\"><p data-start=\"147\" data-end=\"202\"><strong data-start=\"147\" data-end=\"155\">Solo<\/strong> \u2013 (masculin \/ feminin, divizat) \u2013 1 dansator<\/p><\/li><li data-start=\"203\" data-end=\"242\"><p data-start=\"205\" data-end=\"242\"><strong data-start=\"205\" data-end=\"226\">Duo \/ Pas de deux<\/strong> \u2013 2 dansatori<\/p><\/li><li data-start=\"243\" data-end=\"269\"><p data-start=\"245\" data-end=\"269\"><strong data-start=\"245\" data-end=\"253\">Trio<\/strong> \u2013 3 dansatori<\/p><\/li><li data-start=\"270\" data-end=\"299\"><p data-start=\"272\" data-end=\"299\"><strong data-start=\"272\" data-end=\"283\">Quartet<\/strong> \u2013 4 dansatori<\/p><\/li><li data-start=\"300\" data-end=\"330\"><p data-start=\"302\" data-end=\"330\"><strong data-start=\"302\" data-end=\"311\">Group<\/strong> \u2013 5\u201312 dansatori<\/p><\/li><li data-start=\"331\" data-end=\"364\"><p data-start=\"333\" data-end=\"364\"><strong data-start=\"333\" data-end=\"346\">Formation<\/strong> \u2013 13+ dansatori<\/p><\/li><\/ul><hr data-start=\"366\" data-end=\"369\" \/><p data-start=\"371\" data-end=\"425\"><strong data-start=\"371\" data-end=\"423\">Pro \u2013 mai mult de 4 ore de preg\u0103tire \/ s\u0103pt\u0103m\u00e2n\u0103<\/strong><\/p><ul data-start=\"427\" data-end=\"646\"><li data-start=\"427\" data-end=\"484\"><p data-start=\"429\" data-end=\"484\"><strong data-start=\"429\" data-end=\"437\">Solo<\/strong> \u2013 (masculin \/ feminin, divizat) \u2013 1 dansator<\/p><\/li><li data-start=\"485\" data-end=\"524\"><p data-start=\"487\" data-end=\"524\"><strong data-start=\"487\" data-end=\"508\">Duo \/ Pas de deux<\/strong> \u2013 2 dansatori<\/p><\/li><li data-start=\"525\" data-end=\"551\"><p data-start=\"527\" data-end=\"551\"><strong data-start=\"527\" data-end=\"535\">Trio<\/strong> \u2013 3 dansatori<\/p><\/li><li data-start=\"552\" data-end=\"581\"><p data-start=\"554\" data-end=\"581\"><strong data-start=\"554\" data-end=\"565\">Quartet<\/strong> \u2013 4 dansatori<\/p><\/li><li data-start=\"582\" data-end=\"612\"><p data-start=\"584\" data-end=\"612\"><strong data-start=\"584\" data-end=\"593\">Group<\/strong> \u2013 5\u201312 dansatori<\/p><\/li><li data-start=\"613\" data-end=\"646\"><p data-start=\"615\" data-end=\"646\"><strong data-start=\"615\" data-end=\"628\">Formation<\/strong> \u2013 13+ dansatori<\/p><\/li><\/ul>\t\t\t\t\t\t\t\t<\/div>\n\t\t\t\t<\/div>\n\t\t\t\t<div class=\"elementor-element elementor-element-bc5675a elementor-widget elementor-widget-heading\" data-id=\"bc5675a\" data-element_type=\"widget\" data-widget_type=\"heading.default\">\n\t\t\t\t<div class=\"elementor-widget-container\">\n\t\t\t\t\t<h2 class=\"elementor-heading-title elementor-size-default\">II. Categoriile de v\u00e2rst\u0103 (v\u00e2rsta \u00eemplinit\u0103 la data concursului) <\/h2>\t\t\t\t<\/div>\n\t\t\t\t<\/div>\n\t\t\t\t<div class=\"elementor-element elementor-element-e57591e elementor-icon-list--layout-traditional elementor-list-item-link-full_width elementor-widget elementor-widget-icon-list\" data-id=\"e57591e\" data-element_type=\"widget\" data-widget_type=\"icon-list.default\">\n\t\t\t\t<div class=\"elementor-widget-container\">\n\t\t\t\t\t\t\t<ul class=\"elementor-icon-list-items\">\n\t\t\t\t\t\t\t<li class=\"elementor-icon-list-item\">\n\t\t\t\t\t\t\t\t\t\t<span class=\"elementor-icon-list-text\">MINI: 4-6 YEARS<\/span>\n\t\t\t\t\t\t\t\t\t<\/li>\n\t\t\t\t\t\t\t\t<li class=\"elementor-icon-list-item\">\n\t\t\t\t\t\t\t\t\t\t<span class=\"elementor-icon-list-text\">CHILDREN: 7 - 9 YEARS<\/span>\n\t\t\t\t\t\t\t\t\t<\/li>\n\t\t\t\t\t\t\t\t<li class=\"elementor-icon-list-item\">\n\t\t\t\t\t\t\t\t\t\t<span class=\"elementor-icon-list-text\">JUNIORS 1: 10 - 12 YEARS<\/span>\n\t\t\t\t\t\t\t\t\t<\/li>\n\t\t\t\t\t\t\t\t<li class=\"elementor-icon-list-item\">\n\t\t\t\t\t\t\t\t\t\t<span class=\"elementor-icon-list-text\">JUNIORS 2: 13 - 15 ANI<\/span>\n\t\t\t\t\t\t\t\t\t<\/li>\n\t\t\t\t\t\t\t\t<li class=\"elementor-icon-list-item\">\n\t\t\t\t\t\t\t\t\t\t<span class=\"elementor-icon-list-text\">SENIORS: 16 - 18 ANI<\/span>\n\t\t\t\t\t\t\t\t\t<\/li>\n\t\t\t\t\t\t\t\t<li class=\"elementor-icon-list-item\">\n\t\t\t\t\t\t\t\t\t\t<span class=\"elementor-icon-list-text\">ADULTS: 20+ ANI<\/span>\n\t\t\t\t\t\t\t\t\t<\/li>\n\t\t\t\t\t\t<\/ul>\n\t\t\t\t\t\t<\/div>\n\t\t\t\t<\/div>\n\t\t\t\t<div class=\"elementor-element elementor-element-462e6a2 elementor-widget elementor-widget-text-editor\" data-id=\"462e6a2\" data-element_type=\"widget\" data-widget_type=\"text-editor.default\">\n\t\t\t\t<div class=\"elementor-widget-container\">\n\t\t\t\t\t\t\t\t\t<p><span style=\"font-style: inherit; font-weight: inherit; color: var( --e-global-color-text ); font-family: var( --e-global-typography-text-font-family ), Sans-serif;\">*The organizer reserves the right to request proof of the children's age in case of suspicion regarding the correct placement in the age category.<\/span><\/p>\t\t\t\t\t\t\t\t<\/div>\n\t\t\t\t<\/div>\n\t\t\t\t<div class=\"elementor-element elementor-element-b4090b0 elementor-widget elementor-widget-heading\" data-id=\"b4090b0\" data-element_type=\"widget\" data-widget_type=\"heading.default\">\n\t\t\t\t<div class=\"elementor-widget-container\">\n\t\t\t\t\t<h2 class=\"elementor-heading-title elementor-size-default\">III. Competition disciplines<\/h2>\t\t\t\t<\/div>\n\t\t\t\t<\/div>\n\t\t\t\t<div class=\"elementor-element elementor-element-20a25b5 elementor-widget elementor-widget-text-editor\" data-id=\"20a25b5\" data-element_type=\"widget\" data-widget_type=\"text-editor.default\">\n\t\t\t\t<div class=\"elementor-widget-container\">\n\t\t\t\t\t\t\t\t\t<ul><li><b>CLASSIC BALLET<\/b><\/li><li><b><\/b><b>CONTEMPORARY DANCE\u00a0<\/b><\/li><li><b>NEOCLASIC DANCE<\/b><\/li><li><b><\/b><b>LYRICAL\u00a0<\/b><\/li><li><b>JAZZ<\/b><\/li><li><b><\/b><b>CHARACTER DANCE\u00a0<\/b><\/li><li><b><\/b><b>NATIONAL FOLKLORE<\/b><\/li><li><b><\/b><b>INTERNATIONAL FOLKLORE<\/b><\/li><li><b>ETNO STILIZAT<\/b><\/li><li><b><\/b><b>ACRO DANCE<\/b><\/li><li><b>AEROBICS<\/b><\/li><li><b>GIMNASTICA RITMICA\u00a0<\/b><\/li><li><b><\/b><b>OPEN<\/b><\/li><li><b><\/b><b>MUSICAL<\/b><\/li><li><b><\/b><b>THEMATIC DANCE<\/b><\/li><li><b><\/b><b>CHOREGRAPHIC FANTASY<\/b><\/li><li><b><\/b><b>SHOW DANCE\u00a0<\/b><\/li><li><b><\/b><b>MODERN DANCE\u00a0<\/b><\/li><li><b><\/b><b>CHEERLEADER\u00a0<\/b><\/li><li><b>SKATE DANCE\u00a0<\/b><\/li><li><b><\/b><b>MTV COMMERCIAL\u00a0<\/b><\/li><li><b>STREETDANCE\u00a0<\/b><\/li><\/ul>\t\t\t\t\t\t\t\t<\/div>\n\t\t\t\t<\/div>\n\t\t\t\t<div class=\"elementor-element elementor-element-2ba5666 elementor-widget elementor-widget-heading\" data-id=\"2ba5666\" data-element_type=\"widget\" data-widget_type=\"heading.default\">\n\t\t\t\t<div class=\"elementor-widget-container\">\n\t\t\t\t\t<h2 class=\"elementor-heading-title elementor-size-default\">IV. Time limits and deployment space<\/h2>\t\t\t\t<\/div>\n\t\t\t\t<\/div>\n\t\t\t\t<div class=\"elementor-element elementor-element-2ec9a7d elementor-widget elementor-widget-text-editor\" data-id=\"2ec9a7d\" data-element_type=\"widget\" data-widget_type=\"text-editor.default\">\n\t\t\t\t<div class=\"elementor-widget-container\">\n\t\t\t\t\t\t\t\t\t<ul><li><strong>Solo:<\/strong>\u00a01:00 \u2013 2:30 min<\/li><li><strong>Duo\/Trio\/Quartet:<\/strong>\u00a01:00 \u2013 2:30 min<\/li><li><strong>Groups:<\/strong>\u00a02:00 \u20133:00 min<\/li><li><strong>Formation:<\/strong>\u00a02:00 \u2013 3:30 min<\/li><\/ul>\t\t\t\t\t\t\t\t<\/div>\n\t\t\t\t<\/div>\n\t\t\t\t<div class=\"elementor-element elementor-element-0557983 elementor-widget elementor-widget-text-editor\" data-id=\"0557983\" data-element_type=\"widget\" data-widget_type=\"text-editor.default\">\n\t\t\t\t<div class=\"elementor-widget-container\">\n\t\t\t\t\t\t\t\t\t<p>The organizers ensure professional technical conditions regarding the stage space, sound and light system, changing booths.<\/p>\t\t\t\t\t\t\t\t<\/div>\n\t\t\t\t<\/div>\n\t\t\t\t<div class=\"elementor-element elementor-element-00a5e26 elementor-widget elementor-widget-heading\" data-id=\"00a5e26\" data-element_type=\"widget\" data-widget_type=\"heading.default\">\n\t\t\t\t<div class=\"elementor-widget-container\">\n\t\t\t\t\t<h2 class=\"elementor-heading-title elementor-size-default\">V. Registration and Fees<\/h2>\t\t\t\t<\/div>\n\t\t\t\t<\/div>\n\t\t\t\t<div class=\"elementor-element elementor-element-1d85610 elementor-widget elementor-widget-text-editor\" data-id=\"1d85610\" data-element_type=\"widget\" data-widget_type=\"text-editor.default\">\n\t\t\t\t<div class=\"elementor-widget-container\">\n\t\t\t\t\t\t\t\t\t<div>Enrollment in the competition is done online, by creating an account on the platform and filling out the competition form in full, related to the sections mentioned in point III of these regulations.<\/div><div><p>The music for each of the choreographic moments will be uploaded to the RDCP platform, and the file will be named as follows:<\/p><p>Name and surname of the competitor \/ school \/ group \/ formation_name of the moment_competition section and age_competition discipline_debut of the choreographic moment (P \u2013 from the picture on the stage; M \u2013 from backstage to the music).<\/p><p>Example: AndreeaPopescu_Paquita_Solo_<wbr \/>Balet_P<\/p><p>The registration form is only valid if all mandatory fields are filled in and all required documents are uploaded (Track \/ Tracks named correctly, according to the formula indicated above, in .mp3 format). Participants will be able to see the recorded moments as well as the related fees in the RDCP platform.<\/p><\/div>\t\t\t\t\t\t\t\t<\/div>\n\t\t\t\t<\/div>\n\t\t\t\t<div class=\"elementor-element elementor-element-7590949 elementor-widget elementor-widget-button\" data-id=\"7590949\" data-element_type=\"widget\" data-widget_type=\"button.default\">\n\t\t\t\t<div class=\"elementor-widget-container\">\n\t\t\t\t\t\t\t\t\t<div class=\"elementor-button-wrapper\">\n\t\t\t\t\t<a class=\"elementor-button elementor-button-link elementor-size-sm\" href=\"https:\/\/dance-ro.rdcp.ro\/\">\n\t\t\t\t\t\t<span class=\"elementor-button-content-wrapper\">\n\t\t\t\t\t\t\t\t\t<span class=\"elementor-button-text\">Sign Up Now<\/span>\n\t\t\t\t\t<\/span>\n\t\t\t\t\t<\/a>\n\t\t\t\t<\/div>\n\t\t\t\t\t\t\t\t<\/div>\n\t\t\t\t<\/div>\n\t\t\t\t<div class=\"elementor-element elementor-element-dad2646 elementor-widget elementor-widget-heading\" data-id=\"dad2646\" data-element_type=\"widget\" data-widget_type=\"heading.default\">\n\t\t\t\t<div class=\"elementor-widget-container\">\n\t\t\t\t\t<h2 class=\"elementor-heading-title elementor-size-default\">VI. Image usage agreement<\/h2>\t\t\t\t<\/div>\n\t\t\t\t<\/div>\n\t\t\t\t<div class=\"elementor-element elementor-element-c5105d1 elementor-widget elementor-widget-text-editor\" data-id=\"c5105d1\" data-element_type=\"widget\" data-widget_type=\"text-editor.default\">\n\t\t\t\t<div class=\"elementor-widget-container\">\n\t\t\t\t\t\t\t\t\t<p>The organizers reserve the right to take photos of the participants, to save the recordings uploaded in the contest, to use the photos, respectively the recordings entered in the contest for the promotion of the current event and future events.<\/p><p>By entering the competition, you agree to the photographing and recording of your image and the use of the recordings in all actions related to the \"DanceRo Competition\" and declare that you do not have and will not have any claim against these appearances.<\/p>\t\t\t\t\t\t\t\t<\/div>\n\t\t\t\t<\/div>\n\t\t\t\t<div class=\"elementor-element elementor-element-594c85e elementor-widget elementor-widget-heading\" data-id=\"594c85e\" data-element_type=\"widget\" data-widget_type=\"heading.default\">\n\t\t\t\t<div class=\"elementor-widget-container\">\n\t\t\t\t\t<h2 class=\"elementor-heading-title elementor-size-default\">VII. Consent regarding the processing of personal data\n\n<\/h2>\t\t\t\t<\/div>\n\t\t\t\t<\/div>\n\t\t\t\t<div class=\"elementor-element elementor-element-87aa40c elementor-widget elementor-widget-text-editor\" data-id=\"87aa40c\" data-element_type=\"widget\" data-widget_type=\"text-editor.default\">\n\t\t\t\t<div class=\"elementor-widget-container\">\n\t\t\t\t\t\t\t\t\t<p>By entering the competition, you agree to the processing of your personal data by DanceRo Competition. Consent refers to all processing activities of your personal data by the mentioned operator, such as, but not limited to the collection, recording, organization, structuring, storage, adaptation or modification, extraction, consultation, use And so on respective personal data. The purposes for which personal data can be used are those related to the organization and conduct of the \"DanceRo Competition\" and related activities. By registering, you accept the rules and regulations of the competition.<\/p><div>\u00a0<\/div>\t\t\t\t\t\t\t\t<\/div>\n\t\t\t\t<\/div>\n\t\t\t\t<div class=\"elementor-element elementor-element-5049556 elementor-widget elementor-widget-heading\" data-id=\"5049556\" data-element_type=\"widget\" data-widget_type=\"heading.default\">\n\t\t\t\t<div class=\"elementor-widget-container\">\n\t\t\t\t\t<h2 class=\"elementor-heading-title elementor-size-default\">Internal order regulation:\n<\/h2>\t\t\t\t<\/div>\n\t\t\t\t<\/div>\n\t\t\t\t<div class=\"elementor-element elementor-element-dca6d58 elementor-widget elementor-widget-text-editor\" data-id=\"dca6d58\" data-element_type=\"widget\" data-widget_type=\"text-editor.default\">\n\t\t\t\t<div class=\"elementor-widget-container\">\n\t\t\t\t\t\t\t\t\t<div><b>1. Competitors and their companions will have civilized behavior and appropriate language throughout the competition.&nbsp;<\/b><\/div>\n<ol>\n<li>The consumption of food and drinks is strictly prohibited in the competition hall and backstage.<\/li>\n<li>On the day of the competition, competitors will carry a xerox copy of their birth certificate and a stick with the music for the choreographic moment(s) they are competing with (these will be kept by the coordinators and presented to the organizers only if requested)<\/li>\n<li><span style=\"font-style: inherit; font-weight: inherit; color: var( --e-global-color-text ); font-family: var( --e-global-typography-text-font-family ), Sans-serif;\">Cleanliness will be maintained in all spaces where the competition is held.&nbsp;<\/span><\/li>\n<li>During the performance of the artistic act, silence will be maintained, both in the competition hall and behind the scenes.<\/li>\n<li>It is forbidden to block the access ways.<\/li>\n<li>The changing booths (area for changing clothes) must be used by all competitors. As a result, they must be released after changing costumes.<\/li>\n<li>All choreographic moments must be adapted to the age of the participant in terms of clothing and choreography.<\/li>\n<li>During the contest, the contestants' presence backstage is mandatory 3 moments before entering the stage.<\/li>\n<li>It is mandatory, for all persons who will have access to the institution, to comply with the rules of competitive discipline, with a civilized behavior, which does not cause physical or moral harm to any participant in the event.<\/li>\n<li>Filming or photography during the contest is strictly prohibited.<\/li>\n<li>Any person who causes damage to the premises, inside or outside, through negligence or abuse, assumes full financial responsibility for the recovery of the damage.<\/li>\n<li>It is forbidden to participate in the contest with objects that can damage the dance surface (eg: confetti, sharp objects, etc.). Competitors who use assistive devices will request the organizer's consent in advance (at least 2 days before the day of the competition).<\/li>\n<li>Parents\/Guardians are not allowed backstage or warm-up room access. The teachers\/coordinators are the ones who will be responsible for the contestants during the entire duration of the contest (1-10 children\/teacher).<\/li>\n<li>The public's access to the competition hall is different from that of the competitors.<\/li>\n<li>Access to the competition hall is free throughout the duration of the competition within the limit of available seats.<\/li>\n<li>By participating in the \"DanceRo Competition\", competitors, companions and members of the public give their consent to appear in the photos and video recordings taken during the competition and their subsequent use by the organizer on the official social media channels.<\/li>\n<\/ol>\t\t\t\t\t\t\t\t<\/div>\n\t\t\t\t<\/div>\n\t\t\t\t\t<\/div>\n\t\t<\/div>\n\t\t\t\t\t<\/div>\n\t\t<\/section>\n\t\t\t\t<\/div>","protected":false},"excerpt":{"rendered":"<p>I. Sec\u0163iunile de concurs Hobby \u2013 maximum 4 ore de preg\u0103tire \/ s\u0103pt\u0103m\u00e2n\u0103 Solo \u2013 (masculin \/ feminin, divizat) \u2013 1 dansator Duo \/ Pas de deux \u2013 2 dansatori Trio \u2013 3 dansatori Quartet \u2013 4 dansatori Group \u2013 5\u201312 dansatori Formation \u2013 13+ dansatori Pro \u2013 mai mult de 4 ore de preg\u0103tire &hellip;<\/p>\n<p class=\"read-more\"> <a class=\"\" href=\"https:\/\/dance-ro.com\/en\/regulament\/\"> <span class=\"screen-reader-text\">Rules<\/span> Read More &raquo;<\/a><\/p>","protected":false},"author":1,"featured_media":0,"parent":0,"menu_order":0,"comment_status":"closed","ping_status":"closed","template":"","meta":{"site-sidebar-layout":"no-sidebar","site-content-layout":"page-builder","ast-main-header-display":"","ast-hfb-above-header-display":"","ast-hfb-below-header-display":"","ast-hfb-mobile-header-display":"","site-post-title":"disabled","ast-breadcrumbs-content":"","ast-featured-img":"disabled","footer-sml-layout":"","theme-transparent-header-meta":"","adv-header-id-meta":"","stick-header-meta":"","header-above-stick-meta":"","header-main-stick-meta":"","header-below-stick-meta":"","footnotes":""},"class_list":["post-50","page","type-page","status-publish","hentry"],"_links":{"self":[{"href":"https:\/\/dance-ro.com\/en\/wp-json\/wp\/v2\/pages\/50","targetHints":{"allow":["GET"]}}],"collection":[{"href":"https:\/\/dance-ro.com\/en\/wp-json\/wp\/v2\/pages"}],"about":[{"href":"https:\/\/dance-ro.com\/en\/wp-json\/wp\/v2\/types\/page"}],"author":[{"embeddable":true,"href":"https:\/\/dance-ro.com\/en\/wp-json\/wp\/v2\/users\/1"}],"replies":[{"embeddable":true,"href":"https:\/\/dance-ro.com\/en\/wp-json\/wp\/v2\/comments?post=50"}],"version-history":[{"count":52,"href":"https:\/\/dance-ro.com\/en\/wp-json\/wp\/v2\/pages\/50\/revisions"}],"predecessor-version":[{"id":1606,"href":"https:\/\/dance-ro.com\/en\/wp-json\/wp\/v2\/pages\/50\/revisions\/1606"}],"wp:attachment":[{"href":"https:\/\/dance-ro.com\/en\/wp-json\/wp\/v2\/media?parent=50"}],"curies":[{"name":"wp","href":"https:\/\/api.w.org\/{rel}","templated":true}]}}